{"id":11218,"date":"2025-03-05T14:41:14","date_gmt":"2025-03-05T06:41:14","guid":{"rendered":"http:\/\/www.yotce.com\/?post_type=product&#038;p=11218"},"modified":"2025-03-05T14:41:14","modified_gmt":"2025-03-05T06:41:14","slug":"32-inch-smart-tv-led-tv-android-tv-welcome-inquiry-and-cooperation","status":"publish","type":"product","link":"https:\/\/www.yotce.com\/index.php\/product\/32-inch-smart-tv-led-tv-android-tv-welcome-inquiry-and-cooperation\/","title":{"rendered":"32 inch Smart TV \/ LED TV \/ Android TV, Welcome inquiry and cooperation"},"content":{"rendered":"<h3 class=\"specifications-title\" data-v-70e9745e=\"\">Key Specifications\/ Special Features:<\/h3>\n<p><strong>This high-definition LED TV features advanced LED display technology, delivering crisp, detailed visuals and vibrant colors. With its ultra-slim design, it adds a modern touch to any home. Equipped with multiple ports and smart features, it meets all your entertainment needs, offering an immersive viewing experience.<\/strong><\/p>\n<p>&nbsp;<\/p>\n<p><img loading=\"lazy\" decoding=\"async\" class=\"alignnone size-full wp-image-11206\" src=\"http:\/\/test.yikinai.com\/wp-content\/uploads\/2025\/03\/32-inch-Smart-LED-TV.jpg\" sizes=\"auto, (max-width: 437px) 100vw, 437px\" srcset=\"http:\/\/test.yikinai.com\/wp-content\/uploads\/2025\/03\/32-inch-Smart-LED-TV.jpg 437w, http:\/\/test.yikinai.com\/wp-content\/uploads\/2025\/03\/32-inch-Smart-LED-TV-384x300.jpg 384w, http:\/\/test.yikinai.com\/wp-content\/uploads\/2025\/03\/32-inch-Smart-LED-TV-150x117.jpg 150w\" alt=\"\" width=\"437\" height=\"341\" \/><img loading=\"lazy\" decoding=\"async\" class=\"alignnone size-full wp-image-11205\" src=\"http:\/\/test.yikinai.com\/wp-content\/uploads\/2025\/03\/32-inch-Smart-LED-TV-5.jpg\" sizes=\"auto, (max-width: 435px) 100vw, 435px\" srcset=\"http:\/\/test.yikinai.com\/wp-content\/uploads\/2025\/03\/32-inch-Smart-LED-TV-5.jpg 435w, http:\/\/test.yikinai.com\/wp-content\/uploads\/2025\/03\/32-inch-Smart-LED-TV-5-385x300.jpg 385w, http:\/\/test.yikinai.com\/wp-content\/uploads\/2025\/03\/32-inch-Smart-LED-TV-5-150x117.jpg 150w\" alt=\"\" width=\"435\" height=\"339\" \/><\/p>\n<p>&nbsp;<\/p>\n<hr \/>\n<p>* Features: ATV*1 (IEC), AV in*2 (RCA3), USB*1, HDMI*1, PC*1, PC audio*1, earphones*1; VGA*1<\/p>\n<hr \/>\n<p>* Analog TV system: PAL, SECAM, NTSC, PAL-M\/N;<\/p>\n<hr \/>\n<p>* USB slot: support audio\/image\/video;<\/p>\n<hr \/>\n<p>* VGA resolution: 800*600;1280\u00d7800;1280\u00d71024;1366\u00d7768;1440\u00d7900;1600*900;1920*1080;3840*2160<\/p>\n<hr \/>\n<p>* With HDMI function@1080p, 720p, refresh frequency is 50\/60Hz;<\/p>\n<hr \/>\n<p>* Languages: English, Spanish, French, Italian, Portuguese, Arabic, Russian,\u2026..optional;<\/p>\n<hr \/>\n<p>* With full functional infrared remote control;<\/p>\n<hr \/>\n<p>* Speaker: 8\u03a95W*2 , power consumption: 40-45W;<\/p>\n<hr \/>\n<p>* Adapter power: 100-240V AC, \u00a0or direct 100-240V AC ;<\/p>\n<hr \/>\n<p>* Optional 1: 2*HDMI+2*USB;<\/p>\n<hr \/>\n<p>* Optional 2: digital TV ISDB-T, DVB-T\/T2\/S2, ATSC;<\/p>\n<hr \/>\n<p>Panel Type:A Grade<\/p>\n<hr \/>\n<p>Resolution:800*600;1280\u00d7800;1280\u00d71024;1366\u00d7768;1440\u00d7900;1600*900;1920*1080;3840*2160<\/p>\n<hr \/>\n<p>Colour:Black<\/p>\n<hr \/>\n<p>Display Size:12\/15\/17\/19\/21\/22\/24\/26\/32\/40\/42\/43\/50\/55\/60<\/p>\n<hr \/>\n<p>\/65\/70\/75\/80\/86\/90inch<\/p>\n<hr \/>\n<p>Aspect Ratio:4:3 \/ 16:9<\/p>\n<hr \/>\n<p>Brightness:250cd\/m2(Typical);350cd\/m2<\/p>\n<hr \/>\n<p>Response Time:5ms(Typ)<\/p>\n<hr \/>\n<p>Viewing Angle:178\/178<\/p>\n<hr \/>\n<p>Display Colours:16.7M<\/p>\n<hr \/>\n<p>Channel Storage:200CH<\/p>\n<hr \/>\n<p>Video System:PAL\/SECAM\/NTSC\/DVB-T\/ DVB-T2\/ ISDB-T\/DVB-T2\/S2<\/p>\n<hr \/>\n<p>Sound System:BG, DK, I,MN \u00a0OPTICAL<\/p>\n<hr \/>\n<p>Dynamic Contrast Improvement:YES<\/p>\n<hr \/>\n<p>Skin Colour Enhancement:YES<\/p>\n<hr \/>\n<p>Aspect Ratio Control:YES<\/p>\n<hr \/>\n<p>Brightness Control:YES<\/p>\n<hr \/>\n<p>Contrast Control\/<\/p>\n<hr \/>\n<p>Sharpness Control:YES<\/p>\n<hr \/>\n<p>OSD Languages:Multi Language<\/p>\n","protected":false},"excerpt":{"rendered":"<p><strong>This high-definition LED TV features advanced LED display technology, delivering crisp, detailed visuals and vibrant colors. With its ultra-slim design, it adds a modern touch to any home. Equipped with multiple ports and smart features, it meets all your entertainment needs, offering an immersive viewing experience.<\/strong><\/p>\n<div class=\"attributes-title\" data-v-f182476a=\"\">Product Attribute<\/div>\n<div data-v-f182476a=\"\">\n<div class=\"productAttributes-item\" data-v-f182476a=\"\">\n<div class=\"productAttributes-item-left\" data-v-f182476a=\"\">Display:<\/div>\n<div class=\"productAttributes-item-right\" data-v-f182476a=\"\">LED<\/div>\n<\/div>\n<div class=\"productAttributes-item\" data-v-f182476a=\"\">\n<div class=\"productAttributes-item-left\" data-v-f182476a=\"\">Screen Size:<\/div>\n<div class=\"productAttributes-item-right\" data-v-f182476a=\"\">30-39 inch<\/div>\n<\/div>\n<div class=\"productAttributes-item\" data-v-f182476a=\"\">\n<div class=\"productAttributes-item-left\" data-v-f182476a=\"\">TV Control Method:<\/div>\n<div class=\"productAttributes-item-right\" data-v-f182476a=\"\">Remote<\/div>\n<\/div>\n<div class=\"productAttributes-item\" data-v-f182476a=\"\">\n<div class=\"productAttributes-item-left\" data-v-f182476a=\"\">Television Resolution:<\/div>\n<div class=\"productAttributes-item-right\" data-v-f182476a=\"\">720p<\/div>\n<\/div>\n<div class=\"productAttributes-item\" data-v-f182476a=\"\">\n<div class=\"productAttributes-item-left\" data-v-f182476a=\"\">Use:<\/div>\n<div class=\"productAttributes-item-right\" data-v-f182476a=\"\">Bathroom TV, Home TV, Hotel TV, Kitchen TV, Portable TV<\/div>\n<\/div>\n<\/div>\n","protected":false},"featured_media":11219,"comment_status":"open","ping_status":"closed","template":"","meta":[],"product_brand":[136],"product_cat":[132],"product_tag":[184],"class_list":{"0":"post-11218","1":"product","2":"type-product","3":"status-publish","4":"has-post-thumbnail","6":"product_brand-yot","7":"product_cat-tv","8":"product_tag-32-inch-led-tv","10":"first","11":"instock","12":"shipping-taxable","13":"purchasable","14":"product-type-simple"},"yoast_head":"<!-- This site is optimized with the Yoast SEO plugin v27.5 - https:\/\/yoast.com\/product\/yoast-seo-wordpress\/ -->\n<title>32 inch Smart TV \/ LED TV \/ Android TV, Welcome inquiry and cooperation - yotce<\/title>\n<meta name=\"robots\" content=\"index, follow, max-snippet:-1, max-image-preview:large, max-video-preview:-1\" \/>\n<link rel=\"canonical\" href=\"https:\/\/www.yotce.com\/index.php\/product\/32-inch-smart-tv-led-tv-android-tv-welcome-inquiry-and-cooperation\/\" \/>\n<meta property=\"og:locale\" content=\"en_US\" \/>\n<meta property=\"og:type\" content=\"article\" \/>\n<meta property=\"og:title\" content=\"32 inch Smart TV \/ LED TV \/ Android TV, Welcome inquiry and cooperation - yotce\" \/>\n<meta property=\"og:description\" content=\"This high-definition LED TV features advanced LED display technology, delivering crisp, detailed visuals and vibrant colors. With its ultra-slim design, it adds a modern touch to any home. Equipped with multiple ports and smart features, it meets all your entertainment needs, offering an immersive viewing experience. Product Attribute   Display: LED   Screen Size: 30-39 inch   TV Control Method: Remote   Television Resolution: 720p   Use: Bathroom TV, Home TV, Hotel TV, Kitchen TV, Portable TV\" \/>\n<meta property=\"og:url\" content=\"https:\/\/www.yotce.com\/index.php\/product\/32-inch-smart-tv-led-tv-android-tv-welcome-inquiry-and-cooperation\/\" \/>\n<meta property=\"og:site_name\" content=\"yotce\" \/>\n<meta property=\"og:image\" content=\"https:\/\/www.yotce.com\/wp-content\/uploads\/2025\/03\/32-inch-Smart-LED-TV-1-1.jpg\" \/>\n\t<meta property=\"og:image:width\" content=\"800\" \/>\n\t<meta property=\"og:image:height\" content=\"800\" \/>\n\t<meta property=\"og:image:type\" content=\"image\/jpeg\" \/>\n<meta name=\"twitter:card\" content=\"summary_large_image\" \/>\n<meta name=\"twitter:site\" content=\"@OTY809897133643\" \/>\n<meta name=\"twitter:label1\" content=\"Est. reading time\" \/>\n\t<meta name=\"twitter:data1\" content=\"1 minute\" \/>\n<script type=\"application\/ld+json\" class=\"yoast-schema-graph\">{\"@context\":\"https:\\\/\\\/schema.org\",\"@graph\":[{\"@type\":\"WebPage\",\"@id\":\"https:\\\/\\\/www.yotce.com\\\/index.php\\\/product\\\/32-inch-smart-tv-led-tv-android-tv-welcome-inquiry-and-cooperation\\\/\",\"url\":\"https:\\\/\\\/www.yotce.com\\\/index.php\\\/product\\\/32-inch-smart-tv-led-tv-android-tv-welcome-inquiry-and-cooperation\\\/\",\"name\":\"32 inch Smart TV \\\/ LED TV \\\/ Android TV, Welcome inquiry and cooperation - yotce\",\"isPartOf\":{\"@id\":\"https:\\\/\\\/www.yotce.com\\\/#website\"},\"primaryImageOfPage\":{\"@id\":\"https:\\\/\\\/www.yotce.com\\\/index.php\\\/product\\\/32-inch-smart-tv-led-tv-android-tv-welcome-inquiry-and-cooperation\\\/#primaryimage\"},\"image\":{\"@id\":\"https:\\\/\\\/www.yotce.com\\\/index.php\\\/product\\\/32-inch-smart-tv-led-tv-android-tv-welcome-inquiry-and-cooperation\\\/#primaryimage\"},\"thumbnailUrl\":\"https:\\\/\\\/www.yotce.com\\\/wp-content\\\/uploads\\\/2025\\\/03\\\/32-inch-Smart-LED-TV-1-1.jpg\",\"datePublished\":\"2025-03-05T06:41:14+00:00\",\"breadcrumb\":{\"@id\":\"https:\\\/\\\/www.yotce.com\\\/index.php\\\/product\\\/32-inch-smart-tv-led-tv-android-tv-welcome-inquiry-and-cooperation\\\/#breadcrumb\"},\"inLanguage\":\"en-US\",\"potentialAction\":[{\"@type\":\"ReadAction\",\"target\":[\"https:\\\/\\\/www.yotce.com\\\/index.php\\\/product\\\/32-inch-smart-tv-led-tv-android-tv-welcome-inquiry-and-cooperation\\\/\"]}]},{\"@type\":\"ImageObject\",\"inLanguage\":\"en-US\",\"@id\":\"https:\\\/\\\/www.yotce.com\\\/index.php\\\/product\\\/32-inch-smart-tv-led-tv-android-tv-welcome-inquiry-and-cooperation\\\/#primaryimage\",\"url\":\"https:\\\/\\\/www.yotce.com\\\/wp-content\\\/uploads\\\/2025\\\/03\\\/32-inch-Smart-LED-TV-1-1.jpg\",\"contentUrl\":\"https:\\\/\\\/www.yotce.com\\\/wp-content\\\/uploads\\\/2025\\\/03\\\/32-inch-Smart-LED-TV-1-1.jpg\",\"width\":800,\"height\":800},{\"@type\":\"BreadcrumbList\",\"@id\":\"https:\\\/\\\/www.yotce.com\\\/index.php\\\/product\\\/32-inch-smart-tv-led-tv-android-tv-welcome-inquiry-and-cooperation\\\/#breadcrumb\",\"itemListElement\":[{\"@type\":\"ListItem\",\"position\":1,\"name\":\"\u9996\u9875\",\"item\":\"https:\\\/\\\/www.yotce.com\\\/\"},{\"@type\":\"ListItem\",\"position\":2,\"name\":\"Shop\",\"item\":\"https:\\\/\\\/www.yotce.com\\\/index.php\\\/shop\\\/\"},{\"@type\":\"ListItem\",\"position\":3,\"name\":\"32 inch Smart TV \\\/ LED TV \\\/ Android TV, Welcome inquiry and cooperation\"}]},{\"@type\":\"WebSite\",\"@id\":\"https:\\\/\\\/www.yotce.com\\\/#website\",\"url\":\"https:\\\/\\\/www.yotce.com\\\/\",\"name\":\"yotce\",\"description\":\"\u200b\u200bSelf-Service Terminal Solutions Provider\u200b\",\"publisher\":{\"@id\":\"https:\\\/\\\/www.yotce.com\\\/#organization\"},\"potentialAction\":[{\"@type\":\"SearchAction\",\"target\":{\"@type\":\"EntryPoint\",\"urlTemplate\":\"https:\\\/\\\/www.yotce.com\\\/?s={search_term_string}\"},\"query-input\":{\"@type\":\"PropertyValueSpecification\",\"valueRequired\":true,\"valueName\":\"search_term_string\"}}],\"inLanguage\":\"en-US\"},{\"@type\":\"Organization\",\"@id\":\"https:\\\/\\\/www.yotce.com\\\/#organization\",\"name\":\"yot\",\"url\":\"https:\\\/\\\/www.yotce.com\\\/\",\"logo\":{\"@type\":\"ImageObject\",\"inLanguage\":\"en-US\",\"@id\":\"https:\\\/\\\/www.yotce.com\\\/#\\\/schema\\\/logo\\\/image\\\/\",\"url\":\"https:\\\/\\\/www.yotce.com\\\/wp-content\\\/uploads\\\/2025\\\/08\\\/logo.png\",\"contentUrl\":\"https:\\\/\\\/www.yotce.com\\\/wp-content\\\/uploads\\\/2025\\\/08\\\/logo.png\",\"width\":130,\"height\":40,\"caption\":\"yot\"},\"image\":{\"@id\":\"https:\\\/\\\/www.yotce.com\\\/#\\\/schema\\\/logo\\\/image\\\/\"},\"sameAs\":[\"https:\\\/\\\/x.com\\\/OTY809897133643\",\"https:\\\/\\\/www.instagram.com\\\/yotce2020\\\/\",\"https:\\\/\\\/www.youtube.com\\\/@OTY-u8e\"]}]}<\/script>\n<!-- \/ Yoast SEO plugin. -->","yoast_head_json":{"title":"32 inch Smart TV \/ LED TV \/ Android TV, Welcome inquiry and cooperation - yotce","robots":{"index":"index","follow":"follow","max-snippet":"max-snippet:-1","max-image-preview":"max-image-preview:large","max-video-preview":"max-video-preview:-1"},"canonical":"https:\/\/www.yotce.com\/index.php\/product\/32-inch-smart-tv-led-tv-android-tv-welcome-inquiry-and-cooperation\/","og_locale":"en_US","og_type":"article","og_title":"32 inch Smart TV \/ LED TV \/ Android TV, Welcome inquiry and cooperation - yotce","og_description":"This high-definition LED TV features advanced LED display technology, delivering crisp, detailed visuals and vibrant colors. With its ultra-slim design, it adds a modern touch to any home. Equipped with multiple ports and smart features, it meets all your entertainment needs, offering an immersive viewing experience. Product Attribute   Display: LED   Screen Size: 30-39 inch   TV Control Method: Remote   Television Resolution: 720p   Use: Bathroom TV, Home TV, Hotel TV, Kitchen TV, Portable TV","og_url":"https:\/\/www.yotce.com\/index.php\/product\/32-inch-smart-tv-led-tv-android-tv-welcome-inquiry-and-cooperation\/","og_site_name":"yotce","og_image":[{"width":800,"height":800,"url":"https:\/\/www.yotce.com\/wp-content\/uploads\/2025\/03\/32-inch-Smart-LED-TV-1-1.jpg","type":"image\/jpeg"}],"twitter_card":"summary_large_image","twitter_site":"@OTY809897133643","twitter_misc":{"Est. reading time":"1 minute"},"schema":{"@context":"https:\/\/schema.org","@graph":[{"@type":"WebPage","@id":"https:\/\/www.yotce.com\/index.php\/product\/32-inch-smart-tv-led-tv-android-tv-welcome-inquiry-and-cooperation\/","url":"https:\/\/www.yotce.com\/index.php\/product\/32-inch-smart-tv-led-tv-android-tv-welcome-inquiry-and-cooperation\/","name":"32 inch Smart TV \/ LED TV \/ Android TV, Welcome inquiry and cooperation - yotce","isPartOf":{"@id":"https:\/\/www.yotce.com\/#website"},"primaryImageOfPage":{"@id":"https:\/\/www.yotce.com\/index.php\/product\/32-inch-smart-tv-led-tv-android-tv-welcome-inquiry-and-cooperation\/#primaryimage"},"image":{"@id":"https:\/\/www.yotce.com\/index.php\/product\/32-inch-smart-tv-led-tv-android-tv-welcome-inquiry-and-cooperation\/#primaryimage"},"thumbnailUrl":"https:\/\/www.yotce.com\/wp-content\/uploads\/2025\/03\/32-inch-Smart-LED-TV-1-1.jpg","datePublished":"2025-03-05T06:41:14+00:00","breadcrumb":{"@id":"https:\/\/www.yotce.com\/index.php\/product\/32-inch-smart-tv-led-tv-android-tv-welcome-inquiry-and-cooperation\/#breadcrumb"},"inLanguage":"en-US","potentialAction":[{"@type":"ReadAction","target":["https:\/\/www.yotce.com\/index.php\/product\/32-inch-smart-tv-led-tv-android-tv-welcome-inquiry-and-cooperation\/"]}]},{"@type":"ImageObject","inLanguage":"en-US","@id":"https:\/\/www.yotce.com\/index.php\/product\/32-inch-smart-tv-led-tv-android-tv-welcome-inquiry-and-cooperation\/#primaryimage","url":"https:\/\/www.yotce.com\/wp-content\/uploads\/2025\/03\/32-inch-Smart-LED-TV-1-1.jpg","contentUrl":"https:\/\/www.yotce.com\/wp-content\/uploads\/2025\/03\/32-inch-Smart-LED-TV-1-1.jpg","width":800,"height":800},{"@type":"BreadcrumbList","@id":"https:\/\/www.yotce.com\/index.php\/product\/32-inch-smart-tv-led-tv-android-tv-welcome-inquiry-and-cooperation\/#breadcrumb","itemListElement":[{"@type":"ListItem","position":1,"name":"\u9996\u9875","item":"https:\/\/www.yotce.com\/"},{"@type":"ListItem","position":2,"name":"Shop","item":"https:\/\/www.yotce.com\/index.php\/shop\/"},{"@type":"ListItem","position":3,"name":"32 inch Smart TV \/ LED TV \/ Android TV, Welcome inquiry and cooperation"}]},{"@type":"WebSite","@id":"https:\/\/www.yotce.com\/#website","url":"https:\/\/www.yotce.com\/","name":"yotce","description":"\u200b\u200bSelf-Service Terminal Solutions Provider\u200b","publisher":{"@id":"https:\/\/www.yotce.com\/#organization"},"potentialAction":[{"@type":"SearchAction","target":{"@type":"EntryPoint","urlTemplate":"https:\/\/www.yotce.com\/?s={search_term_string}"},"query-input":{"@type":"PropertyValueSpecification","valueRequired":true,"valueName":"search_term_string"}}],"inLanguage":"en-US"},{"@type":"Organization","@id":"https:\/\/www.yotce.com\/#organization","name":"yot","url":"https:\/\/www.yotce.com\/","logo":{"@type":"ImageObject","inLanguage":"en-US","@id":"https:\/\/www.yotce.com\/#\/schema\/logo\/image\/","url":"https:\/\/www.yotce.com\/wp-content\/uploads\/2025\/08\/logo.png","contentUrl":"https:\/\/www.yotce.com\/wp-content\/uploads\/2025\/08\/logo.png","width":130,"height":40,"caption":"yot"},"image":{"@id":"https:\/\/www.yotce.com\/#\/schema\/logo\/image\/"},"sameAs":["https:\/\/x.com\/OTY809897133643","https:\/\/www.instagram.com\/yotce2020\/","https:\/\/www.youtube.com\/@OTY-u8e"]}]}},"_links":{"self":[{"href":"https:\/\/www.yotce.com\/index.php\/wp-json\/wp\/v2\/product\/11218","targetHints":{"allow":["GET"]}}],"collection":[{"href":"https:\/\/www.yotce.com\/index.php\/wp-json\/wp\/v2\/product"}],"about":[{"href":"https:\/\/www.yotce.com\/index.php\/wp-json\/wp\/v2\/types\/product"}],"replies":[{"embeddable":true,"href":"https:\/\/www.yotce.com\/index.php\/wp-json\/wp\/v2\/comments?post=11218"}],"wp:featuredmedia":[{"embeddable":true,"href":"https:\/\/www.yotce.com\/index.php\/wp-json\/wp\/v2\/media\/11219"}],"wp:attachment":[{"href":"https:\/\/www.yotce.com\/index.php\/wp-json\/wp\/v2\/media?parent=11218"}],"wp:term":[{"taxonomy":"product_brand","embeddable":true,"href":"https:\/\/www.yotce.com\/index.php\/wp-json\/wp\/v2\/product_brand?post=11218"},{"taxonomy":"product_cat","embeddable":true,"href":"https:\/\/www.yotce.com\/index.php\/wp-json\/wp\/v2\/product_cat?post=11218"},{"taxonomy":"product_tag","embeddable":true,"href":"https:\/\/www.yotce.com\/index.php\/wp-json\/wp\/v2\/product_tag?post=11218"}],"curies":[{"name":"wp","href":"https:\/\/api.w.org\/{rel}","templated":true}]}}