{"id":11167,"date":"2025-03-04T17:26:30","date_gmt":"2025-03-04T09:26:30","guid":{"rendered":"http:\/\/www.yotce.com\/?post_type=product&#038;p=11167"},"modified":"2025-03-04T17:26:31","modified_gmt":"2025-03-04T09:26:31","slug":"high-quality-with-oem-32-inch-framless-led-tvs-with-dvb-t2-s2-smart-led-tv-android-14-0","status":"publish","type":"product","link":"https:\/\/www.yotce.com\/index.php\/product\/high-quality-with-oem-32-inch-framless-led-tvs-with-dvb-t2-s2-smart-led-tv-android-14-0\/","title":{"rendered":"High quality with OEM 32 inch framless LED TVs with DVB-T2\/S2 Smart LED TV android 14.0"},"content":{"rendered":"<h3><strong>Products Description:<\/strong><\/h3>\n<h4><strong>This is an advanced and entertainment-integrated smart LED TV with built-in WIFI. The high-resolution LED screen delivers ultra-clear picture quality with vivid colors and high contrast, revealing every detail. The built-in WIFI function allows you to easily connect to the Internet and enjoy a wealth of online movies, music, and game resources. Its intelligent system is easy to operate and supports voice control, enabling you to quickly find the content you want to watch. At the same time, it has multiple interfaces that can be connected to external devices, meeting your diverse entertainment needs and bringing you an immersive home entertainment experience.<\/strong><\/h4>\n<p><img loading=\"lazy\" decoding=\"async\" class=\"alignnone wp-image-11165 size-full\" src=\"http:\/\/test.yikinai.com\/wp-content\/uploads\/2025\/03\/smart-TV.jpg\" sizes=\"auto, (max-width: 1920px) 100vw, 1920px\" srcset=\"http:\/\/test.yikinai.com\/wp-content\/uploads\/2025\/03\/smart-TV.jpg 1920w, http:\/\/test.yikinai.com\/wp-content\/uploads\/2025\/03\/smart-TV-400x218.jpg 400w, http:\/\/test.yikinai.com\/wp-content\/uploads\/2025\/03\/smart-TV-1300x710.jpg 1300w, http:\/\/test.yikinai.com\/wp-content\/uploads\/2025\/03\/smart-TV-768x419.jpg 768w, http:\/\/test.yikinai.com\/wp-content\/uploads\/2025\/03\/smart-TV-1536x838.jpg 1536w, http:\/\/test.yikinai.com\/wp-content\/uploads\/2025\/03\/smart-TV-800x437.jpg 800w, http:\/\/test.yikinai.com\/wp-content\/uploads\/2025\/03\/smart-TV-150x82.jpg 150w\" alt=\"\" width=\"1920\" height=\"1048\" \/><\/p>\n<h3><strong>Key Specifications\/ Special Features:<\/strong><\/h3>\n<h4><strong>OEM Television 32 42 50 55 65 70 inch LED TVs with Build-in WIFI Smart LED TV<\/strong><\/h4>\n<div class=\"gs-desc-table\">\n<table>\n<tbody>\n<tr>\n<td colspan=\"1\" rowspan=\"1\" width=\"auto\">Product name<\/td>\n<td colspan=\"1\" rowspan=\"1\" width=\"auto\">Normal or android smart TV<\/td>\n<\/tr>\n<tr>\n<td colspan=\"1\" rowspan=\"1\" width=\"auto\">Resolution<\/td>\n<td colspan=\"1\" rowspan=\"1\" width=\"auto\">2K Full HD\/ 4K Ultra HD<\/td>\n<\/tr>\n<tr>\n<td colspan=\"1\" rowspan=\"1\" width=\"auto\">Size<\/td>\n<td colspan=\"1\" rowspan=\"1\" width=\"auto\">32 inch<\/td>\n<\/tr>\n<tr>\n<td colspan=\"1\" rowspan=\"1\" width=\"auto\">Color<\/td>\n<td colspan=\"1\" rowspan=\"1\" width=\"auto\">Black<\/td>\n<\/tr>\n<tr>\n<td colspan=\"1\" rowspan=\"1\" width=\"auto\">Receiving System<\/td>\n<td colspan=\"1\" rowspan=\"1\" width=\"auto\">PAL, NTSC, SECAM<\/td>\n<\/tr>\n<tr>\n<td colspan=\"1\" rowspan=\"1\" width=\"auto\">Refresh Rate<\/td>\n<td colspan=\"1\" rowspan=\"1\" width=\"auto\">Ntsc(60Hz)\/120Hz<\/td>\n<\/tr>\n<tr>\n<td colspan=\"1\" rowspan=\"1\" width=\"auto\">Input function<\/td>\n<td colspan=\"1\" rowspan=\"1\" width=\"auto\">VGA, ATV, CVBS\/AUDIO-IN, USB, PC AUDIO<\/td>\n<\/tr>\n<tr>\n<td colspan=\"1\" rowspan=\"1\" width=\"auto\">Logo<\/td>\n<td colspan=\"1\" rowspan=\"1\" width=\"auto\">Customized Logos<\/td>\n<\/tr>\n<tr>\n<td colspan=\"1\" rowspan=\"1\" width=\"auto\">TV System<\/td>\n<td colspan=\"1\" rowspan=\"1\" width=\"auto\">Dvb-t\/dvb-t2\/dvb-t2s2\/dvb-c\/isdb-t\/pal\/secam\/ntsc<\/td>\n<\/tr>\n<tr>\n<td colspan=\"1\" rowspan=\"1\" width=\"auto\">OEM<\/td>\n<td colspan=\"1\" rowspan=\"1\" width=\"auto\">Support OEM\/ODM service<\/td>\n<\/tr>\n<tr>\n<td colspan=\"1\" rowspan=\"1\" width=\"auto\">Certification<\/td>\n<td colspan=\"1\" rowspan=\"1\" width=\"auto\">CCC, CE, RoHS\/Provided according to customer needs<\/td>\n<\/tr>\n<\/tbody>\n<\/table>\n<\/div>\n<p><img loading=\"lazy\" decoding=\"async\" class=\"alignnone wp-image-11163 size-large\" src=\"http:\/\/test.yikinai.com\/wp-content\/uploads\/2025\/03\/smart-TV-1-800x800.png\" sizes=\"auto, (max-width: 800px) 100vw, 800px\" srcset=\"http:\/\/test.yikinai.com\/wp-content\/uploads\/2025\/03\/smart-TV-1-800x800.png 800w, http:\/\/test.yikinai.com\/wp-content\/uploads\/2025\/03\/smart-TV-1-300x300.png 300w, http:\/\/test.yikinai.com\/wp-content\/uploads\/2025\/03\/smart-TV-1-150x150.png 150w, http:\/\/test.yikinai.com\/wp-content\/uploads\/2025\/03\/smart-TV-1-768x768.png 768w, http:\/\/test.yikinai.com\/wp-content\/uploads\/2025\/03\/smart-TV-1-430x430.png 430w, http:\/\/test.yikinai.com\/wp-content\/uploads\/2025\/03\/smart-TV-1.png 920w\" alt=\"\" width=\"800\" height=\"800\" \/><\/p>\n<p>* Features: ATV*1 (IEC), AV in*2 (RCA3), USB*1, HD*1, PC*1, PC audio*1, earphones*1; VGA*1<br \/>\n* Analog TV system: PAL, SECAM, NTSC, PAL-M\/N;<br \/>\n* USB slot: support audio\/image\/video;<br \/>\n* VGA resolution: 800*600;1280\u00d7800;1280\u00d71024;1366\u00d7768;1440\u00d7900;1600*900;1920*1080;3840*2160<br \/>\n* With HD function@1080p, 720p, refresh frequency is 50\/60Hz;<br \/>\n* Languages: English, Spanish, French, Italian, Portuguese, Arabic, Russian,\u2026..optional;<br \/>\n* With full functional infrared remote control;<br \/>\n* Speaker: 8\u03a95W*2 , power consumption: 40-45W;<br \/>\n* Adapter power: 100-240V AC, \u00a0or direct 100-240V AC ;<br \/>\n* Optional 1: 2*HD+2*USB;<br \/>\n* Optional 2: digital TV ISDB-T, DVB-T\/T2\/S2, ATSC;<\/p>\n","protected":false},"excerpt":{"rendered":"<p><strong>This is an advanced and entertainment-integrated smart LED TV with built-in WIFI. The high-resolution LED screen delivers ultra-clear picture quality with vivid colors and high contrast, revealing every detail. The built-in WIFI function allows you to easily connect to the Internet and enjoy a wealth of online movies, music, and game resources. Its intelligent system is easy to operate and supports voice control, enabling you to quickly find the content you want to watch. At the same time, it has multiple interfaces that can be connected to external devices, meeting your diverse entertainment needs and bringing you an immersive home entertainment experience.<\/strong><\/p>\n<div class=\"attributes-title\" data-v-f182476a=\"\">Product Attribute<\/div>\n<div data-v-f182476a=\"\">\n<div class=\"productAttributes-item\" data-v-f182476a=\"\">\n<div class=\"productAttributes-item-left\" data-v-f182476a=\"\">Display:<\/div>\n<div class=\"productAttributes-item-right\" data-v-f182476a=\"\">LED<\/div>\n<\/div>\n<div class=\"productAttributes-item\" data-v-f182476a=\"\">\n<div class=\"productAttributes-item-left\" data-v-f182476a=\"\">Screen Size:<\/div>\n<div class=\"productAttributes-item-right\" data-v-f182476a=\"\">30-39 inch, 40-49 inch, 50-60 inch, more Than 60 inch, 32-65inch<\/div>\n<\/div>\n<div class=\"productAttributes-item\" data-v-f182476a=\"\">\n<div class=\"productAttributes-item-left\" data-v-f182476a=\"\">TV Control Method:<\/div>\n<div class=\"productAttributes-item-right\" data-v-f182476a=\"\">App, Remote, Voice<\/div>\n<\/div>\n<div class=\"productAttributes-item\" data-v-f182476a=\"\">\n<div class=\"productAttributes-item-left\" data-v-f182476a=\"\">Television Resolution:<\/div>\n<div class=\"productAttributes-item-right\" data-v-f182476a=\"\">1080p, 4K, 720p<\/div>\n<\/div>\n<div class=\"productAttributes-item\" data-v-f182476a=\"\">\n<div class=\"productAttributes-item-left\" data-v-f182476a=\"\">Use:<\/div>\n<div class=\"productAttributes-item-right\" data-v-f182476a=\"\">Home TV, Hotel TV, Kitchen TV, Portable TV<\/div>\n<\/div>\n<\/div>\n","protected":false},"featured_media":11168,"comment_status":"open","ping_status":"closed","template":"","meta":[],"product_brand":[136],"product_cat":[132],"product_tag":[181],"class_list":{"0":"post-11167","1":"product","2":"type-product","3":"status-publish","4":"has-post-thumbnail","6":"product_brand-yot","7":"product_cat-tv","8":"product_tag-32-inch-tv","10":"first","11":"instock","12":"shipping-taxable","13":"purchasable","14":"product-type-simple"},"yoast_head":"<!-- This site is optimized with the Yoast SEO plugin v27.5 - https:\/\/yoast.com\/product\/yoast-seo-wordpress\/ -->\n<title>High quality with OEM 32 inch framless LED TVs with DVB-T2\/S2 Smart LED TV android 14.0 - yotce<\/title>\n<meta name=\"robots\" content=\"index, follow, max-snippet:-1, max-image-preview:large, max-video-preview:-1\" \/>\n<link rel=\"canonical\" href=\"https:\/\/www.yotce.com\/index.php\/product\/high-quality-with-oem-32-inch-framless-led-tvs-with-dvb-t2-s2-smart-led-tv-android-14-0\/\" \/>\n<meta property=\"og:locale\" content=\"en_US\" \/>\n<meta property=\"og:type\" content=\"article\" \/>\n<meta property=\"og:title\" content=\"High quality with OEM 32 inch framless LED TVs with DVB-T2\/S2 Smart LED TV android 14.0 - yotce\" \/>\n<meta property=\"og:description\" content=\"This is an advanced and entertainment-integrated smart LED TV with built-in WIFI. The high-resolution LED screen delivers ultra-clear picture quality with vivid colors and high contrast, revealing every detail. The built-in WIFI function allows you to easily connect to the Internet and enjoy a wealth of online movies, music, and game resources. Its intelligent system is easy to operate and supports voice control, enabling you to quickly find the content you want to watch. At the same time, it has multiple interfaces that can be connected to external devices, meeting your diverse entertainment needs and bringing you an immersive home entertainment experience. Product Attribute   Display: LED   Screen Size: 30-39 inch, 40-49 inch, 50-60 inch, more Than 60 inch, 32-65inch   TV Control Method: App, Remote, Voice   Television Resolution: 1080p, 4K, 720p   Use: Home TV, Hotel TV, Kitchen TV, Portable TV\" \/>\n<meta property=\"og:url\" content=\"https:\/\/www.yotce.com\/index.php\/product\/high-quality-with-oem-32-inch-framless-led-tvs-with-dvb-t2-s2-smart-led-tv-android-14-0\/\" \/>\n<meta property=\"og:site_name\" content=\"yotce\" \/>\n<meta property=\"article:modified_time\" content=\"2025-03-04T09:26:31+00:00\" \/>\n<meta property=\"og:image\" content=\"https:\/\/www.yotce.com\/wp-content\/uploads\/2025\/03\/smart-TV-3.png\" \/>\n\t<meta property=\"og:image:width\" content=\"280\" \/>\n\t<meta property=\"og:image:height\" content=\"280\" \/>\n\t<meta property=\"og:image:type\" content=\"image\/png\" \/>\n<meta name=\"twitter:card\" content=\"summary_large_image\" \/>\n<meta name=\"twitter:site\" content=\"@OTY809897133643\" \/>\n<meta name=\"twitter:label1\" content=\"Est. reading time\" \/>\n\t<meta name=\"twitter:data1\" content=\"1 minute\" \/>\n<script type=\"application\/ld+json\" class=\"yoast-schema-graph\">{\"@context\":\"https:\\\/\\\/schema.org\",\"@graph\":[{\"@type\":\"WebPage\",\"@id\":\"https:\\\/\\\/www.yotce.com\\\/index.php\\\/product\\\/high-quality-with-oem-32-inch-framless-led-tvs-with-dvb-t2-s2-smart-led-tv-android-14-0\\\/\",\"url\":\"https:\\\/\\\/www.yotce.com\\\/index.php\\\/product\\\/high-quality-with-oem-32-inch-framless-led-tvs-with-dvb-t2-s2-smart-led-tv-android-14-0\\\/\",\"name\":\"High quality with OEM 32 inch framless LED TVs with DVB-T2\\\/S2 Smart LED TV android 14.0 - yotce\",\"isPartOf\":{\"@id\":\"https:\\\/\\\/www.yotce.com\\\/#website\"},\"primaryImageOfPage\":{\"@id\":\"https:\\\/\\\/www.yotce.com\\\/index.php\\\/product\\\/high-quality-with-oem-32-inch-framless-led-tvs-with-dvb-t2-s2-smart-led-tv-android-14-0\\\/#primaryimage\"},\"image\":{\"@id\":\"https:\\\/\\\/www.yotce.com\\\/index.php\\\/product\\\/high-quality-with-oem-32-inch-framless-led-tvs-with-dvb-t2-s2-smart-led-tv-android-14-0\\\/#primaryimage\"},\"thumbnailUrl\":\"https:\\\/\\\/www.yotce.com\\\/wp-content\\\/uploads\\\/2025\\\/03\\\/smart-TV-3.png\",\"datePublished\":\"2025-03-04T09:26:30+00:00\",\"dateModified\":\"2025-03-04T09:26:31+00:00\",\"breadcrumb\":{\"@id\":\"https:\\\/\\\/www.yotce.com\\\/index.php\\\/product\\\/high-quality-with-oem-32-inch-framless-led-tvs-with-dvb-t2-s2-smart-led-tv-android-14-0\\\/#breadcrumb\"},\"inLanguage\":\"en-US\",\"potentialAction\":[{\"@type\":\"ReadAction\",\"target\":[\"https:\\\/\\\/www.yotce.com\\\/index.php\\\/product\\\/high-quality-with-oem-32-inch-framless-led-tvs-with-dvb-t2-s2-smart-led-tv-android-14-0\\\/\"]}]},{\"@type\":\"ImageObject\",\"inLanguage\":\"en-US\",\"@id\":\"https:\\\/\\\/www.yotce.com\\\/index.php\\\/product\\\/high-quality-with-oem-32-inch-framless-led-tvs-with-dvb-t2-s2-smart-led-tv-android-14-0\\\/#primaryimage\",\"url\":\"https:\\\/\\\/www.yotce.com\\\/wp-content\\\/uploads\\\/2025\\\/03\\\/smart-TV-3.png\",\"contentUrl\":\"https:\\\/\\\/www.yotce.com\\\/wp-content\\\/uploads\\\/2025\\\/03\\\/smart-TV-3.png\",\"width\":280,\"height\":280},{\"@type\":\"BreadcrumbList\",\"@id\":\"https:\\\/\\\/www.yotce.com\\\/index.php\\\/product\\\/high-quality-with-oem-32-inch-framless-led-tvs-with-dvb-t2-s2-smart-led-tv-android-14-0\\\/#breadcrumb\",\"itemListElement\":[{\"@type\":\"ListItem\",\"position\":1,\"name\":\"\u9996\u9875\",\"item\":\"https:\\\/\\\/www.yotce.com\\\/\"},{\"@type\":\"ListItem\",\"position\":2,\"name\":\"Shop\",\"item\":\"https:\\\/\\\/www.yotce.com\\\/index.php\\\/shop\\\/\"},{\"@type\":\"ListItem\",\"position\":3,\"name\":\"High quality with OEM 32 inch framless LED TVs with DVB-T2\\\/S2 Smart LED TV android 14.0\"}]},{\"@type\":\"WebSite\",\"@id\":\"https:\\\/\\\/www.yotce.com\\\/#website\",\"url\":\"https:\\\/\\\/www.yotce.com\\\/\",\"name\":\"yotce\",\"description\":\"\u200b\u200bSelf-Service Terminal Solutions Provider\u200b\",\"publisher\":{\"@id\":\"https:\\\/\\\/www.yotce.com\\\/#organization\"},\"potentialAction\":[{\"@type\":\"SearchAction\",\"target\":{\"@type\":\"EntryPoint\",\"urlTemplate\":\"https:\\\/\\\/www.yotce.com\\\/?s={search_term_string}\"},\"query-input\":{\"@type\":\"PropertyValueSpecification\",\"valueRequired\":true,\"valueName\":\"search_term_string\"}}],\"inLanguage\":\"en-US\"},{\"@type\":\"Organization\",\"@id\":\"https:\\\/\\\/www.yotce.com\\\/#organization\",\"name\":\"yot\",\"url\":\"https:\\\/\\\/www.yotce.com\\\/\",\"logo\":{\"@type\":\"ImageObject\",\"inLanguage\":\"en-US\",\"@id\":\"https:\\\/\\\/www.yotce.com\\\/#\\\/schema\\\/logo\\\/image\\\/\",\"url\":\"https:\\\/\\\/www.yotce.com\\\/wp-content\\\/uploads\\\/2025\\\/08\\\/logo.png\",\"contentUrl\":\"https:\\\/\\\/www.yotce.com\\\/wp-content\\\/uploads\\\/2025\\\/08\\\/logo.png\",\"width\":130,\"height\":40,\"caption\":\"yot\"},\"image\":{\"@id\":\"https:\\\/\\\/www.yotce.com\\\/#\\\/schema\\\/logo\\\/image\\\/\"},\"sameAs\":[\"https:\\\/\\\/x.com\\\/OTY809897133643\",\"https:\\\/\\\/www.instagram.com\\\/yotce2020\\\/\",\"https:\\\/\\\/www.youtube.com\\\/@OTY-u8e\"]}]}<\/script>\n<!-- \/ Yoast SEO plugin. -->","yoast_head_json":{"title":"High quality with OEM 32 inch framless LED TVs with DVB-T2\/S2 Smart LED TV android 14.0 - yotce","robots":{"index":"index","follow":"follow","max-snippet":"max-snippet:-1","max-image-preview":"max-image-preview:large","max-video-preview":"max-video-preview:-1"},"canonical":"https:\/\/www.yotce.com\/index.php\/product\/high-quality-with-oem-32-inch-framless-led-tvs-with-dvb-t2-s2-smart-led-tv-android-14-0\/","og_locale":"en_US","og_type":"article","og_title":"High quality with OEM 32 inch framless LED TVs with DVB-T2\/S2 Smart LED TV android 14.0 - yotce","og_description":"This is an advanced and entertainment-integrated smart LED TV with built-in WIFI. The high-resolution LED screen delivers ultra-clear picture quality with vivid colors and high contrast, revealing every detail. The built-in WIFI function allows you to easily connect to the Internet and enjoy a wealth of online movies, music, and game resources. Its intelligent system is easy to operate and supports voice control, enabling you to quickly find the content you want to watch. At the same time, it has multiple interfaces that can be connected to external devices, meeting your diverse entertainment needs and bringing you an immersive home entertainment experience. Product Attribute   Display: LED   Screen Size: 30-39 inch, 40-49 inch, 50-60 inch, more Than 60 inch, 32-65inch   TV Control Method: App, Remote, Voice   Television Resolution: 1080p, 4K, 720p   Use: Home TV, Hotel TV, Kitchen TV, Portable TV","og_url":"https:\/\/www.yotce.com\/index.php\/product\/high-quality-with-oem-32-inch-framless-led-tvs-with-dvb-t2-s2-smart-led-tv-android-14-0\/","og_site_name":"yotce","article_modified_time":"2025-03-04T09:26:31+00:00","og_image":[{"width":280,"height":280,"url":"https:\/\/www.yotce.com\/wp-content\/uploads\/2025\/03\/smart-TV-3.png","type":"image\/png"}],"twitter_card":"summary_large_image","twitter_site":"@OTY809897133643","twitter_misc":{"Est. reading time":"1 minute"},"schema":{"@context":"https:\/\/schema.org","@graph":[{"@type":"WebPage","@id":"https:\/\/www.yotce.com\/index.php\/product\/high-quality-with-oem-32-inch-framless-led-tvs-with-dvb-t2-s2-smart-led-tv-android-14-0\/","url":"https:\/\/www.yotce.com\/index.php\/product\/high-quality-with-oem-32-inch-framless-led-tvs-with-dvb-t2-s2-smart-led-tv-android-14-0\/","name":"High quality with OEM 32 inch framless LED TVs with DVB-T2\/S2 Smart LED TV android 14.0 - yotce","isPartOf":{"@id":"https:\/\/www.yotce.com\/#website"},"primaryImageOfPage":{"@id":"https:\/\/www.yotce.com\/index.php\/product\/high-quality-with-oem-32-inch-framless-led-tvs-with-dvb-t2-s2-smart-led-tv-android-14-0\/#primaryimage"},"image":{"@id":"https:\/\/www.yotce.com\/index.php\/product\/high-quality-with-oem-32-inch-framless-led-tvs-with-dvb-t2-s2-smart-led-tv-android-14-0\/#primaryimage"},"thumbnailUrl":"https:\/\/www.yotce.com\/wp-content\/uploads\/2025\/03\/smart-TV-3.png","datePublished":"2025-03-04T09:26:30+00:00","dateModified":"2025-03-04T09:26:31+00:00","breadcrumb":{"@id":"https:\/\/www.yotce.com\/index.php\/product\/high-quality-with-oem-32-inch-framless-led-tvs-with-dvb-t2-s2-smart-led-tv-android-14-0\/#breadcrumb"},"inLanguage":"en-US","potentialAction":[{"@type":"ReadAction","target":["https:\/\/www.yotce.com\/index.php\/product\/high-quality-with-oem-32-inch-framless-led-tvs-with-dvb-t2-s2-smart-led-tv-android-14-0\/"]}]},{"@type":"ImageObject","inLanguage":"en-US","@id":"https:\/\/www.yotce.com\/index.php\/product\/high-quality-with-oem-32-inch-framless-led-tvs-with-dvb-t2-s2-smart-led-tv-android-14-0\/#primaryimage","url":"https:\/\/www.yotce.com\/wp-content\/uploads\/2025\/03\/smart-TV-3.png","contentUrl":"https:\/\/www.yotce.com\/wp-content\/uploads\/2025\/03\/smart-TV-3.png","width":280,"height":280},{"@type":"BreadcrumbList","@id":"https:\/\/www.yotce.com\/index.php\/product\/high-quality-with-oem-32-inch-framless-led-tvs-with-dvb-t2-s2-smart-led-tv-android-14-0\/#breadcrumb","itemListElement":[{"@type":"ListItem","position":1,"name":"\u9996\u9875","item":"https:\/\/www.yotce.com\/"},{"@type":"ListItem","position":2,"name":"Shop","item":"https:\/\/www.yotce.com\/index.php\/shop\/"},{"@type":"ListItem","position":3,"name":"High quality with OEM 32 inch framless LED TVs with DVB-T2\/S2 Smart LED TV android 14.0"}]},{"@type":"WebSite","@id":"https:\/\/www.yotce.com\/#website","url":"https:\/\/www.yotce.com\/","name":"yotce","description":"\u200b\u200bSelf-Service Terminal Solutions Provider\u200b","publisher":{"@id":"https:\/\/www.yotce.com\/#organization"},"potentialAction":[{"@type":"SearchAction","target":{"@type":"EntryPoint","urlTemplate":"https:\/\/www.yotce.com\/?s={search_term_string}"},"query-input":{"@type":"PropertyValueSpecification","valueRequired":true,"valueName":"search_term_string"}}],"inLanguage":"en-US"},{"@type":"Organization","@id":"https:\/\/www.yotce.com\/#organization","name":"yot","url":"https:\/\/www.yotce.com\/","logo":{"@type":"ImageObject","inLanguage":"en-US","@id":"https:\/\/www.yotce.com\/#\/schema\/logo\/image\/","url":"https:\/\/www.yotce.com\/wp-content\/uploads\/2025\/08\/logo.png","contentUrl":"https:\/\/www.yotce.com\/wp-content\/uploads\/2025\/08\/logo.png","width":130,"height":40,"caption":"yot"},"image":{"@id":"https:\/\/www.yotce.com\/#\/schema\/logo\/image\/"},"sameAs":["https:\/\/x.com\/OTY809897133643","https:\/\/www.instagram.com\/yotce2020\/","https:\/\/www.youtube.com\/@OTY-u8e"]}]}},"_links":{"self":[{"href":"https:\/\/www.yotce.com\/index.php\/wp-json\/wp\/v2\/product\/11167","targetHints":{"allow":["GET"]}}],"collection":[{"href":"https:\/\/www.yotce.com\/index.php\/wp-json\/wp\/v2\/product"}],"about":[{"href":"https:\/\/www.yotce.com\/index.php\/wp-json\/wp\/v2\/types\/product"}],"replies":[{"embeddable":true,"href":"https:\/\/www.yotce.com\/index.php\/wp-json\/wp\/v2\/comments?post=11167"}],"wp:featuredmedia":[{"embeddable":true,"href":"https:\/\/www.yotce.com\/index.php\/wp-json\/wp\/v2\/media\/11168"}],"wp:attachment":[{"href":"https:\/\/www.yotce.com\/index.php\/wp-json\/wp\/v2\/media?parent=11167"}],"wp:term":[{"taxonomy":"product_brand","embeddable":true,"href":"https:\/\/www.yotce.com\/index.php\/wp-json\/wp\/v2\/product_brand?post=11167"},{"taxonomy":"product_cat","embeddable":true,"href":"https:\/\/www.yotce.com\/index.php\/wp-json\/wp\/v2\/product_cat?post=11167"},{"taxonomy":"product_tag","embeddable":true,"href":"https:\/\/www.yotce.com\/index.php\/wp-json\/wp\/v2\/product_tag?post=11167"}],"curies":[{"name":"wp","href":"https:\/\/api.w.org\/{rel}","templated":true}]}}